{"id":3549,"date":"2023-04-05T06:28:20","date_gmt":"2023-04-05T06:28:20","guid":{"rendered":"https:\/\/bimcointernational.com\/product\/barbaros-series\/"},"modified":"2024-01-06T11:52:04","modified_gmt":"2024-01-06T11:52:04","slug":"barbaros-series","status":"publish","type":"product","link":"https:\/\/bimcointernational.com\/tr\/urun\/barbaros-series\/","title":{"rendered":"BARBAROS SERIES"},"content":{"rendered":"<h2><strong><span style=\"color: #99cc00;\">BARBAROS SER\u0130S\u0130 ile tan\u0131\u015f\u0131n:<\/span><\/strong><\/h2>\n<p>zorlu y\u00fckleme ve ta\u015f\u0131ma ko\u015fullar\u0131nda bile dayan\u0131kl\u0131l\u0131k sa\u011flayan y\u00fcksek direnciyle tan\u0131n\u0131r. \u00dcr\u00fcn i\u00e7erisine hava s\u0131zmas\u0131n\u0131 \u00f6nleyen \u015feffaf i\u00e7 torbaya sahiptir. 25 kg&#8217;l\u0131k c\u00f6mert bir kapasiteye sahip olup polipropilen malzemeden \u00fcretilmi\u015ftir.<\/p>\n<h2><span style=\"color: #99cc00;\"><strong>Kullan\u0131m Oran\u0131:<\/strong><\/span><\/h2>\n<p>T\u00fcm bitki ve toprak tipleri i\u00e7in ideal olan Barbaros Serisi, hem a\u00e7\u0131k hem de kapal\u0131 tar\u0131ma uygundur. Tek ba\u015f\u0131na veya di\u011fer g\u00fcbrelerle kar\u0131\u015ft\u0131r\u0131larak kullan\u0131labilir ve p\u00fcsk\u00fcrtme, damlama, d\u00f6nd\u00fcrme, aflaj, d\u00f6kme veya tavaf gibi \u00e7e\u015fitli sulama y\u00f6ntemleriyle uyumludur. Verilen program\u0131 takip ederek her 7 &#8211; 10 g\u00fcnde bir ihtiya\u00e7 duydu\u011funuzda yeniden ba\u015fvurabilirsiniz. Barbary Serisi ile tar\u0131m uygulamalar\u0131n\u0131z\u0131 geli\u015ftirin!<\/p>\n<table>\n<tbody>\n<tr>\n<td><strong>Bitki<\/strong><\/td>\n<td><b>Kg per acre<\/b><\/td>\n<\/tr>\n<tr>\n<td>(Sebze, patl\u0131can, kabak, bamya, fasulye ve lobis)\u2026<\/td>\n<td><span style=\"font-weight: 400;\">1-3<\/span><\/td>\n<\/tr>\n<tr>\n<td>Patates, so\u011fan ve sar\u0131msak<\/td>\n<td><span style=\"font-weight: 400;\">4-2<\/span><\/td>\n<\/tr>\n<tr>\n<td>(Bu\u011fday taneleri, \u015fiirsel, pirin\u00e7, yulaf, El-Mesham) .. ve baklagiller<\/td>\n<td><span style=\"font-weight: 400;\">2-1<\/span><\/td>\n<\/tr>\n<tr>\n<td>M\u0131s\u0131r, pamuk, fener, havu\u00e7 ve \u015falgam<\/td>\n<td><span style=\"font-weight: 400;\">4-2<\/span><\/td>\n<\/tr>\n<tr>\n<td>Verimli a\u011fa\u00e7lar<\/td>\n<td><span style=\"font-weight: 400;\">5-2<\/span><\/td>\n<\/tr>\n<tr>\n<td>Kimyon, \u00e7\u00f6rek otu ve susam<\/td>\n<td><span style=\"font-weight: 400;\">2-1<\/span><\/td>\n<\/tr>\n<\/tbody>\n<\/table>\n","protected":false},"excerpt":{"rendered":"<p dir=\"ltr\" style=\"text-align: left;\">16-8-24+ME<br \/>\n10-10-40+ME<br \/>\n20-20-20+ME<br \/>\n10-40-10+ME<\/p>\n","protected":false},"featured_media":2963,"comment_status":"closed","ping_status":"closed","template":"","meta":{"_eb_attr":"","site-sidebar-layout":"default","site-content-layout":"default","ast-site-content-layout":"default","site-content-style":"default","site-sidebar-style":"default","ast-global-header-display":"","ast-banner-title-visibility":"","ast-main-header-display":"","ast-hfb-above-header-display":"","ast-hfb-below-header-display":"","ast-hfb-mobile-header-display":"","site-post-title":"","ast-breadcrumbs-content":"","ast-featured-img":"","footer-sml-layout":"","ast-disable-related-posts":"","theme-transparent-header-meta":"default","adv-header-id-meta":"","stick-header-meta":"","header-above-stick-meta":"","header-main-stick-meta":"","header-below-stick-meta":"","astra-migrate-meta-layouts":"set","ast-page-background-enabled":"default","ast-page-background-meta":{"desktop":{"background-color":"var(--ast-global-color-4)","background-image":"","background-repeat":"repeat","background-position":"center center","background-size":"auto","background-attachment":"scroll","background-type":"","background-media":"","overlay-type":"","overlay-color":"","overlay-opacity":"","overlay-gradient":""},"tablet":{"background-color":"","background-image":"","background-repeat":"repeat","background-position":"center center","background-size":"auto","background-attachment":"scroll","background-type":"","background-media":"","overlay-type":"","overlay-color":"","overlay-opacity":"","overlay-gradient":""},"mobile":{"background-color":"","background-image":"","background-repeat":"repeat","background-position":"center center","background-size":"auto","background-attachment":"scroll","background-type":"","background-media":"","overlay-type":"","overlay-color":"","overlay-opacity":"","overlay-gradient":""}},"ast-content-background-meta":{"desktop":{"background-color":"var(--ast-global-color-5)","background-image":"","background-repeat":"repeat","background-position":"center center","background-size":"auto","background-attachment":"scroll","background-type":"","background-media":"","overlay-type":"","overlay-color":"","overlay-opacity":"","overlay-gradient":""},"tablet":{"background-color":"var(--ast-global-color-5)","background-image":"","background-repeat":"repeat","background-position":"center center","background-size":"auto","background-attachment":"scroll","background-type":"","background-media":"","overlay-type":"","overlay-color":"","overlay-opacity":"","overlay-gradient":""},"mobile":{"background-color":"var(--ast-global-color-5)","background-image":"","background-repeat":"repeat","background-position":"center center","background-size":"auto","background-attachment":"scroll","background-type":"","background-media":"","overlay-type":"","overlay-color":"","overlay-opacity":"","overlay-gradient":""}},"_joinchat":[]},"product_brand":[],"product_cat":[78],"product_tag":[],"class_list":{"0":"post-3549","1":"product","2":"type-product","3":"status-publish","4":"has-post-thumbnail","6":"product_cat-suda-cozunen-npk","7":"desktop-align-left","8":"tablet-align-left","9":"mobile-align-left","11":"first","12":"instock","13":"shipping-taxable","14":"product-type-simple"},"yoast_head":"<!-- This site is optimized with the Yoast SEO plugin v27.4 - https:\/\/yoast.com\/product\/yoast-seo-wordpress\/ -->\n<title>BARBAROS SERIES - Bimco International<\/title>\n<meta name=\"description\" content=\"Dayan\u0131kl\u0131 Barbaros Serisi g\u00fcbre: 25kg kapasite, t\u00fcm bitkiler ve topraklar i\u00e7in \u00e7ok y\u00f6nl\u00fc. Tar\u0131m\u0131n\u0131z\u0131 geli\u015ftirin!&quot;...............\" \/>\n<meta name=\"robots\" content=\"index, follow, max-snippet:-1, max-image-preview:large, max-video-preview:-1\" \/>\n<link rel=\"canonical\" href=\"https:\/\/bimcointernational.com\/tr\/urun\/barbaros-series\/\" \/>\n<meta property=\"og:locale\" content=\"tr_TR\" \/>\n<meta property=\"og:type\" content=\"article\" \/>\n<meta property=\"og:title\" content=\"BARBAROS SERIES - Bimco International\" \/>\n<meta property=\"og:description\" content=\"Dayan\u0131kl\u0131 Barbaros Serisi g\u00fcbre: 25kg kapasite, t\u00fcm bitkiler ve topraklar i\u00e7in \u00e7ok y\u00f6nl\u00fc. Tar\u0131m\u0131n\u0131z\u0131 geli\u015ftirin!&quot;...............\" \/>\n<meta property=\"og:url\" content=\"https:\/\/bimcointernational.com\/tr\/urun\/barbaros-series\/\" \/>\n<meta property=\"og:site_name\" content=\"bimco international\" \/>\n<meta property=\"article:publisher\" content=\"https:\/\/www.facebook.com\/B9K9T\" \/>\n<meta property=\"article:modified_time\" content=\"2024-01-06T11:52:04+00:00\" \/>\n<meta property=\"og:image\" content=\"https:\/\/bimcointernational.com\/wp-content\/uploads\/2023\/04\/\u0645\u0646\u062a\u062c-\u0627\u0644\u0643\u064a\u0633-copy-3.png\" \/>\n\t<meta property=\"og:image:width\" content=\"1000\" \/>\n\t<meta property=\"og:image:height\" content=\"1000\" \/>\n\t<meta property=\"og:image:type\" content=\"image\/png\" \/>\n<meta name=\"twitter:card\" content=\"summary_large_image\" \/>\n<meta name=\"twitter:label1\" content=\"Tahmini okuma s\u00fcresi\" \/>\n\t<meta name=\"twitter:data1\" content=\"1 dakika\" \/>\n<script type=\"application\/ld+json\" class=\"yoast-schema-graph\">{\"@context\":\"https:\\\/\\\/schema.org\",\"@graph\":[{\"@type\":\"WebPage\",\"@id\":\"https:\\\/\\\/bimcointernational.com\\\/tr\\\/urun\\\/barbaros-series\\\/\",\"url\":\"https:\\\/\\\/bimcointernational.com\\\/tr\\\/urun\\\/barbaros-series\\\/\",\"name\":\"BARBAROS SERIES - Bimco International\",\"isPartOf\":{\"@id\":\"https:\\\/\\\/bimcointernational.com\\\/tr\\\/#website\"},\"primaryImageOfPage\":{\"@id\":\"https:\\\/\\\/bimcointernational.com\\\/tr\\\/urun\\\/barbaros-series\\\/#primaryimage\"},\"image\":{\"@id\":\"https:\\\/\\\/bimcointernational.com\\\/tr\\\/urun\\\/barbaros-series\\\/#primaryimage\"},\"thumbnailUrl\":\"https:\\\/\\\/bimcointernational.com\\\/wp-content\\\/uploads\\\/2023\\\/04\\\/\u0645\u0646\u062a\u062c-\u0627\u0644\u0643\u064a\u0633-copy-3.png\",\"datePublished\":\"2023-04-05T06:28:20+00:00\",\"dateModified\":\"2024-01-06T11:52:04+00:00\",\"description\":\"Dayan\u0131kl\u0131 Barbaros Serisi g\u00fcbre: 25kg kapasite, t\u00fcm bitkiler ve topraklar i\u00e7in \u00e7ok y\u00f6nl\u00fc. Tar\u0131m\u0131n\u0131z\u0131 geli\u015ftirin!\\\"...............\",\"breadcrumb\":{\"@id\":\"https:\\\/\\\/bimcointernational.com\\\/tr\\\/urun\\\/barbaros-series\\\/#breadcrumb\"},\"inLanguage\":\"tr\",\"potentialAction\":[{\"@type\":\"ReadAction\",\"target\":[\"https:\\\/\\\/bimcointernational.com\\\/tr\\\/urun\\\/barbaros-series\\\/\"]}]},{\"@type\":\"ImageObject\",\"inLanguage\":\"tr\",\"@id\":\"https:\\\/\\\/bimcointernational.com\\\/tr\\\/urun\\\/barbaros-series\\\/#primaryimage\",\"url\":\"https:\\\/\\\/bimcointernational.com\\\/wp-content\\\/uploads\\\/2023\\\/04\\\/\u0645\u0646\u062a\u062c-\u0627\u0644\u0643\u064a\u0633-copy-3.png\",\"contentUrl\":\"https:\\\/\\\/bimcointernational.com\\\/wp-content\\\/uploads\\\/2023\\\/04\\\/\u0645\u0646\u062a\u062c-\u0627\u0644\u0643\u064a\u0633-copy-3.png\",\"width\":1000,\"height\":1000,\"caption\":\"Bimko Barbaros Series\"},{\"@type\":\"BreadcrumbList\",\"@id\":\"https:\\\/\\\/bimcointernational.com\\\/tr\\\/urun\\\/barbaros-series\\\/#breadcrumb\",\"itemListElement\":[{\"@type\":\"ListItem\",\"position\":1,\"name\":\"Home\",\"item\":\"https:\\\/\\\/bimcointernational.com\\\/tr\\\/\"},{\"@type\":\"ListItem\",\"position\":2,\"name\":\"\u00dcr\u00fcnlerimiz\",\"item\":\"https:\\\/\\\/bimcointernational.com\\\/tr\\\/urunlerimiz\\\/\"},{\"@type\":\"ListItem\",\"position\":3,\"name\":\"BARBAROS SERIES\"}]},{\"@type\":\"WebSite\",\"@id\":\"https:\\\/\\\/bimcointernational.com\\\/tr\\\/#website\",\"url\":\"https:\\\/\\\/bimcointernational.com\\\/tr\\\/\",\"name\":\"bimco international\",\"description\":\"\u0634\u0631\u0643\u0629 \u0628\u064a\u0645\u0643\u0648 \u0627\u0644\u0643\u064a\u0645\u064a\u0627\u0626\u064a\u0629 \u0644\u0635\u0646\u0627\u0639\u0629 \u0627\u0644\u0645\u0628\u064a\u062f\u0627\u062a \u0648\u0627\u0644\u0623\u0633\u0645\u062f\u0629 \u0639\u0627\u0644\u064a\u0629 \u0627\u0644\u062c\u0648\u062f\u0629 35 \u0639\u0627\u0645\u0627 \u0645\u0646 \u0627\u0644\u062e\u0628\u0631\u0629 \u0646\u0636\u0639\u0647\u0627 \u0628\u064a\u0646 \u0623\u064a\u062f\u064a\u0643\u0645\",\"publisher\":{\"@id\":\"https:\\\/\\\/bimcointernational.com\\\/tr\\\/#organization\"},\"potentialAction\":[{\"@type\":\"SearchAction\",\"target\":{\"@type\":\"EntryPoint\",\"urlTemplate\":\"https:\\\/\\\/bimcointernational.com\\\/tr\\\/?s={search_term_string}\"},\"query-input\":{\"@type\":\"PropertyValueSpecification\",\"valueRequired\":true,\"valueName\":\"search_term_string\"}}],\"inLanguage\":\"tr\"},{\"@type\":\"Organization\",\"@id\":\"https:\\\/\\\/bimcointernational.com\\\/tr\\\/#organization\",\"name\":\"bimco international\",\"url\":\"https:\\\/\\\/bimcointernational.com\\\/tr\\\/\",\"logo\":{\"@type\":\"ImageObject\",\"inLanguage\":\"tr\",\"@id\":\"https:\\\/\\\/bimcointernational.com\\\/tr\\\/#\\\/schema\\\/logo\\\/image\\\/\",\"url\":\"https:\\\/\\\/bimcointernational.com\\\/wp-content\\\/uploads\\\/2023\\\/03\\\/bimco-international.png\",\"contentUrl\":\"https:\\\/\\\/bimcointernational.com\\\/wp-content\\\/uploads\\\/2023\\\/03\\\/bimco-international.png\",\"width\":1000,\"height\":283,\"caption\":\"bimco international\"},\"image\":{\"@id\":\"https:\\\/\\\/bimcointernational.com\\\/tr\\\/#\\\/schema\\\/logo\\\/image\\\/\"},\"sameAs\":[\"https:\\\/\\\/www.facebook.com\\\/B9K9T\",\"https:\\\/\\\/www.instagram.com\\\/bimcokimya\\\/\"]}]}<\/script>\n<!-- \/ Yoast SEO plugin. -->","yoast_head_json":{"title":"BARBAROS SERIES - Bimco International","description":"Dayan\u0131kl\u0131 Barbaros Serisi g\u00fcbre: 25kg kapasite, t\u00fcm bitkiler ve topraklar i\u00e7in \u00e7ok y\u00f6nl\u00fc. Tar\u0131m\u0131n\u0131z\u0131 geli\u015ftirin!\"...............","robots":{"index":"index","follow":"follow","max-snippet":"max-snippet:-1","max-image-preview":"max-image-preview:large","max-video-preview":"max-video-preview:-1"},"canonical":"https:\/\/bimcointernational.com\/tr\/urun\/barbaros-series\/","og_locale":"tr_TR","og_type":"article","og_title":"BARBAROS SERIES - Bimco International","og_description":"Dayan\u0131kl\u0131 Barbaros Serisi g\u00fcbre: 25kg kapasite, t\u00fcm bitkiler ve topraklar i\u00e7in \u00e7ok y\u00f6nl\u00fc. Tar\u0131m\u0131n\u0131z\u0131 geli\u015ftirin!\"...............","og_url":"https:\/\/bimcointernational.com\/tr\/urun\/barbaros-series\/","og_site_name":"bimco international","article_publisher":"https:\/\/www.facebook.com\/B9K9T","article_modified_time":"2024-01-06T11:52:04+00:00","og_image":[{"width":1000,"height":1000,"url":"https:\/\/bimcointernational.com\/wp-content\/uploads\/2023\/04\/\u0645\u0646\u062a\u062c-\u0627\u0644\u0643\u064a\u0633-copy-3.png","type":"image\/png"}],"twitter_card":"summary_large_image","twitter_misc":{"Tahmini okuma s\u00fcresi":"1 dakika"},"schema":{"@context":"https:\/\/schema.org","@graph":[{"@type":"WebPage","@id":"https:\/\/bimcointernational.com\/tr\/urun\/barbaros-series\/","url":"https:\/\/bimcointernational.com\/tr\/urun\/barbaros-series\/","name":"BARBAROS SERIES - Bimco International","isPartOf":{"@id":"https:\/\/bimcointernational.com\/tr\/#website"},"primaryImageOfPage":{"@id":"https:\/\/bimcointernational.com\/tr\/urun\/barbaros-series\/#primaryimage"},"image":{"@id":"https:\/\/bimcointernational.com\/tr\/urun\/barbaros-series\/#primaryimage"},"thumbnailUrl":"https:\/\/bimcointernational.com\/wp-content\/uploads\/2023\/04\/\u0645\u0646\u062a\u062c-\u0627\u0644\u0643\u064a\u0633-copy-3.png","datePublished":"2023-04-05T06:28:20+00:00","dateModified":"2024-01-06T11:52:04+00:00","description":"Dayan\u0131kl\u0131 Barbaros Serisi g\u00fcbre: 25kg kapasite, t\u00fcm bitkiler ve topraklar i\u00e7in \u00e7ok y\u00f6nl\u00fc. Tar\u0131m\u0131n\u0131z\u0131 geli\u015ftirin!\"...............","breadcrumb":{"@id":"https:\/\/bimcointernational.com\/tr\/urun\/barbaros-series\/#breadcrumb"},"inLanguage":"tr","potentialAction":[{"@type":"ReadAction","target":["https:\/\/bimcointernational.com\/tr\/urun\/barbaros-series\/"]}]},{"@type":"ImageObject","inLanguage":"tr","@id":"https:\/\/bimcointernational.com\/tr\/urun\/barbaros-series\/#primaryimage","url":"https:\/\/bimcointernational.com\/wp-content\/uploads\/2023\/04\/\u0645\u0646\u062a\u062c-\u0627\u0644\u0643\u064a\u0633-copy-3.png","contentUrl":"https:\/\/bimcointernational.com\/wp-content\/uploads\/2023\/04\/\u0645\u0646\u062a\u062c-\u0627\u0644\u0643\u064a\u0633-copy-3.png","width":1000,"height":1000,"caption":"Bimko Barbaros Series"},{"@type":"BreadcrumbList","@id":"https:\/\/bimcointernational.com\/tr\/urun\/barbaros-series\/#breadcrumb","itemListElement":[{"@type":"ListItem","position":1,"name":"Home","item":"https:\/\/bimcointernational.com\/tr\/"},{"@type":"ListItem","position":2,"name":"\u00dcr\u00fcnlerimiz","item":"https:\/\/bimcointernational.com\/tr\/urunlerimiz\/"},{"@type":"ListItem","position":3,"name":"BARBAROS SERIES"}]},{"@type":"WebSite","@id":"https:\/\/bimcointernational.com\/tr\/#website","url":"https:\/\/bimcointernational.com\/tr\/","name":"bimco international","description":"\u0634\u0631\u0643\u0629 \u0628\u064a\u0645\u0643\u0648 \u0627\u0644\u0643\u064a\u0645\u064a\u0627\u0626\u064a\u0629 \u0644\u0635\u0646\u0627\u0639\u0629 \u0627\u0644\u0645\u0628\u064a\u062f\u0627\u062a \u0648\u0627\u0644\u0623\u0633\u0645\u062f\u0629 \u0639\u0627\u0644\u064a\u0629 \u0627\u0644\u062c\u0648\u062f\u0629 35 \u0639\u0627\u0645\u0627 \u0645\u0646 \u0627\u0644\u062e\u0628\u0631\u0629 \u0646\u0636\u0639\u0647\u0627 \u0628\u064a\u0646 \u0623\u064a\u062f\u064a\u0643\u0645","publisher":{"@id":"https:\/\/bimcointernational.com\/tr\/#organization"},"potentialAction":[{"@type":"SearchAction","target":{"@type":"EntryPoint","urlTemplate":"https:\/\/bimcointernational.com\/tr\/?s={search_term_string}"},"query-input":{"@type":"PropertyValueSpecification","valueRequired":true,"valueName":"search_term_string"}}],"inLanguage":"tr"},{"@type":"Organization","@id":"https:\/\/bimcointernational.com\/tr\/#organization","name":"bimco international","url":"https:\/\/bimcointernational.com\/tr\/","logo":{"@type":"ImageObject","inLanguage":"tr","@id":"https:\/\/bimcointernational.com\/tr\/#\/schema\/logo\/image\/","url":"https:\/\/bimcointernational.com\/wp-content\/uploads\/2023\/03\/bimco-international.png","contentUrl":"https:\/\/bimcointernational.com\/wp-content\/uploads\/2023\/03\/bimco-international.png","width":1000,"height":283,"caption":"bimco international"},"image":{"@id":"https:\/\/bimcointernational.com\/tr\/#\/schema\/logo\/image\/"},"sameAs":["https:\/\/www.facebook.com\/B9K9T","https:\/\/www.instagram.com\/bimcokimya\/"]}]}},"jetpack_sharing_enabled":true,"_links":{"self":[{"href":"https:\/\/bimcointernational.com\/tr\/wp-json\/wp\/v2\/product\/3549","targetHints":{"allow":["GET"]}}],"collection":[{"href":"https:\/\/bimcointernational.com\/tr\/wp-json\/wp\/v2\/product"}],"about":[{"href":"https:\/\/bimcointernational.com\/tr\/wp-json\/wp\/v2\/types\/product"}],"replies":[{"embeddable":true,"href":"https:\/\/bimcointernational.com\/tr\/wp-json\/wp\/v2\/comments?post=3549"}],"wp:featuredmedia":[{"embeddable":true,"href":"https:\/\/bimcointernational.com\/tr\/wp-json\/wp\/v2\/media\/2963"}],"wp:attachment":[{"href":"https:\/\/bimcointernational.com\/tr\/wp-json\/wp\/v2\/media?parent=3549"}],"wp:term":[{"taxonomy":"product_brand","embeddable":true,"href":"https:\/\/bimcointernational.com\/tr\/wp-json\/wp\/v2\/product_brand?post=3549"},{"taxonomy":"product_cat","embeddable":true,"href":"https:\/\/bimcointernational.com\/tr\/wp-json\/wp\/v2\/product_cat?post=3549"},{"taxonomy":"product_tag","embeddable":true,"href":"https:\/\/bimcointernational.com\/tr\/wp-json\/wp\/v2\/product_tag?post=3549"}],"curies":[{"name":"wp","href":"https:\/\/api.w.org\/{rel}","templated":true}]}}